{"id":1844,"date":"2023-10-10T19:12:02","date_gmt":"2023-10-10T19:12:02","guid":{"rendered":"https:\/\/academiavirtual360.com\/?page_id=1844"},"modified":"2023-10-13T22:47:37","modified_gmt":"2023-10-13T22:47:37","slug":"blog","status":"publish","type":"page","link":"https:\/\/academiavirtual360.com\/index.php\/blog\/","title":{"rendered":"Cursos"},"content":{"rendered":"\t\t<div data-elementor-type=\"wp-page\" data-elementor-id=\"1844\" class=\"elementor elementor-1844\">\n\t\t\t\t\t\t\t\t\t<section class=\"elementor-section elementor-top-section elementor-element elementor-element-838aa9e elementor-section-boxed elementor-section-height-default elementor-section-height-default\" data-id=\"838aa9e\" data-element_type=\"section\" data-settings=\"{&quot;background_background&quot;:&quot;classic&quot;}\">\n\t\t\t\t\t\t\t<div class=\"elementor-background-overlay\"><\/div>\n\t\t\t\t\t\t\t<div class=\"elementor-container elementor-column-gap-default\">\n\t\t\t\t\t<div class=\"elementor-column elementor-col-100 elementor-top-column elementor-element elementor-element-0d64a35\" data-id=\"0d64a35\" data-element_type=\"column\">\n\t\t\t<div class=\"elementor-widget-wrap elementor-element-populated\">\n\t\t\t\t\t\t\t\t<div class=\"elementor-element elementor-element-03e7611 elementor-widget elementor-widget-heading\" data-id=\"03e7611\" data-element_type=\"widget\" data-widget_type=\"heading.default\">\n\t\t\t\t<div class=\"elementor-widget-container\">\n\t\t\t<style>\/*! elementor - v3.15.0 - 20-08-2023 *\/\n.elementor-heading-title{padding:0;margin:0;line-height:1}.elementor-widget-heading .elementor-heading-title[class*=elementor-size-]>a{color:inherit;font-size:inherit;line-height:inherit}.elementor-widget-heading .elementor-heading-title.elementor-size-small{font-size:15px}.elementor-widget-heading .elementor-heading-title.elementor-size-medium{font-size:19px}.elementor-widget-heading .elementor-heading-title.elementor-size-large{font-size:29px}.elementor-widget-heading .elementor-heading-title.elementor-size-xl{font-size:39px}.elementor-widget-heading .elementor-heading-title.elementor-size-xxl{font-size:59px}<\/style><h1 class=\"elementor-heading-title elementor-size-xxl\">Ultimos Articulos<\/h1>\t\t<\/div>\n\t\t\t\t<\/div>\n\t\t\t\t\t<\/div>\n\t\t<\/div>\n\t\t\t\t\t\t\t<\/div>\n\t\t<\/section>\n\t\t\t\t<section class=\"elementor-section elementor-top-section elementor-element elementor-element-fbf6ade elementor-section-boxed elementor-section-height-default elementor-section-height-default\" data-id=\"fbf6ade\" data-element_type=\"section\">\n\t\t\t\t\t\t<div class=\"elementor-container elementor-column-gap-default\">\n\t\t\t\t\t<div class=\"elementor-column elementor-col-100 elementor-top-column elementor-element elementor-element-459e427\" data-id=\"459e427\" data-element_type=\"column\">\n\t\t\t<div class=\"elementor-widget-wrap elementor-element-populated\">\n\t\t\t\t\t\t\t\t<div class=\"elementor-element elementor-element-8fd6fd7 elementor-widget elementor-widget-ucaddon_post_list\" data-id=\"8fd6fd7\" data-element_type=\"widget\" data-widget_type=\"ucaddon_post_list.default\">\n\t\t\t\t<div class=\"elementor-widget-container\">\n\t\t\t<!-- start Post List -->\n\t\t<link id='font-awesome-css' href='https:\/\/academiavirtual360.com\/wp-content\/plugins\/unlimited-elements-for-elementor\/assets_libraries\/font-awesome5\/css\/fontawesome-all.min.css' type='text\/css' rel='stylesheet' >\n\t\t<link id='font-awesome-4-shim-css' href='https:\/\/academiavirtual360.com\/wp-content\/plugins\/unlimited-elements-for-elementor\/assets_libraries\/font-awesome5\/css\/fontawesome-v4-shims.css' type='text\/css' rel='stylesheet' >\n\n\t\t\t<style type=\"text\/css\">\/* widget: Post List *\/\n\n\n\n#uc_post_list_elementor_8fd6fd7\n{\n  display:grid;\n}\n\n\n#uc_post_list_elementor_8fd6fd7 .uc_post_list_image div\n{\n  background-size:cover;\n  background-position:center;\n}\n\n\n.uc_post_list .uc_post_list_box{\n\tposition: relative;\n\toverflow: hidden;\n\tdisplay: flex;\n}\n\n#uc_post_list_elementor_8fd6fd7 .uc_post_list_image\n{\n  flex-grow:0;\n  flex-shrink:0;\n}\n\n#uc_post_list_elementor_8fd6fd7 .uc_post_list_image img\n{\n  width:100%;\n  display:block;\n  transition:0.3s;\n  \n}\n\n\n.uc_post_list_title a{\n\tcolor: #333333;\n    display: block;\n}\n.uc_post_list_date{\n\tfont-size: 12px;\n}\n\n#uc_post_list_elementor_8fd6fd7 .uc_post_list_content\n{\n  display:flex;\n  flex-direction:column;\n  flex:1;\n}\n\n#uc_post_list_elementor_8fd6fd7 .uc_more_btn{\n\n  text-align:center;\n  text-decoration:none;\n  transition:0.3s;\n}\n\n#uc_post_list_elementor_8fd6fd7 .button-on-side\n{\n  display:flex;\n  align-items:center;\n}\n\n\n.ue-grid-item-category a\n{\n  display:inline-block;\n  font-size:10px;\n  text-transform:uppercase;\n}\n\n#uc_post_list_elementor_8fd6fd7 .ue-meta-data\n{\n  \n  display:flex;\n\n  flex-wrap: wrap;\n  line-height:1em;\n}\n\n#uc_post_list_elementor_8fd6fd7 .ue-grid-item-meta-data\n{\n      display:inline-flex;\n      align-items:center;\n}\n\n.ue-grid-item-meta-data\n{\n  font-size:12px;\n}\n\n#uc_post_list_elementor_8fd6fd7 .ue-grid-item-meta-data-icon\n{\n  line-height:1em;\n}\n\n#uc_post_list_elementor_8fd6fd7 .ue-grid-item-meta-data-icon svg\n{\n  width:1em;\n  height:1em;\n}\n\n\n\n#uc_post_list_elementor_8fd6fd7 .ue-debug-meta\n{\n  padding:10px;\n  border:1px solid red;\n  position:relative;\n  line-height:1.5em;\n  font-size:11px;\n  width:100%;\n}\n\n.uc-remote-parent .uc_post_list_box{\n\tcursor:pointer;\n}\n\n#uc_post_list_elementor_8fd6fd7 .ue-post-link-overlay\n{\n  display:block;\n  position:absolute;\n  top:0;\n  bottom:0;\n  right:0;\n  left:0;\n}\n\n\n<\/style>\n\n\t\t\t<div class=\"uc_post_list uc-items-wrapper uc-filterable-grid \" id=\"uc_post_list_elementor_8fd6fd7\"  data-ajax='true'  data-filterbehave='ajax'  querydata='{&quot;count_posts&quot;:4,&quot;total_posts&quot;:7,&quot;page&quot;:1,&quot;num_pages&quot;:2}' >    \t\n  <div class=\"uc_post_list_box\">\n    \n  \t    <div class=\"uc_post_list_image\">\n      <a href=\"https:\/\/academiavirtual360.com\/index.php\/2023\/11\/24\/elevate-your-keto-experience-exploring-the-world-of-keto-with-our-online-course\/\" target=\"_self\" title=\"Elevate Your Keto Experience: Exploring the World of Keto with Our Online Course\">\n          \n            <img decoding=\"async\" loading=\"lazy\" src=\"https:\/\/academiavirtual360.com\/wp-content\/uploads\/2023\/10\/pexels-ella-olsson-1640770-768x512.jpg\"  src=\"https:\/\/academiavirtual360.com\/wp-content\/uploads\/2023\/10\/pexels-ella-olsson-1640770-768x512.jpg\" alt=\"pexels-ella-olsson-1640770\" width=\"768\" height=\"512\">\n        \t\n        \n      <\/a>\n    <\/div>\n  \t\t\n  \n    <div class=\"uc_post_list_content\">\n      <div class=\"uc_post_list_content_inside\">\n        \n                        \n         <div class=\"uc_post_list_title\"><a target=\"_self\" href=\"https:\/\/academiavirtual360.com\/index.php\/2023\/11\/24\/elevate-your-keto-experience-exploring-the-world-of-keto-with-our-online-course\/\" title=\"Elevate Your Keto Experience: Exploring the World of Keto with Our Online Course\">Elevate Your Keto Experience: Exploring the World of Keto with Our Online Course<\/a><\/div>\t\n         \n        <div class=\"ue-meta-data\">\n            <div class=\"ue-grid-item-meta-data\"><span class=\"ue-grid-item-meta-data-icon\"><i class=''><\/i><\/span>  November 24, 2023<\/div>                                   \n            \n          \n                        \n            \n                        \n                        \n            \n              \n          <\/div>         \n                \n         <div class=\"uc_post_content\">As we delve into the delectable world of &#8220;Keto Culinary Creations,&#8221; we&#8217;re excited to introduce a suite of exclusive bonuses that will elevate your keto experience to new heights. These...<\/div>        \n                 \n      <\/div>\n    <\/div>\n     \n       \n  \n   <\/div>\n<div class=\"uc_post_list_box\">\n    \n  \t    <div class=\"uc_post_list_image\">\n      <a href=\"https:\/\/academiavirtual360.com\/index.php\/2023\/11\/24\/hack-your-sleep-a-beginners-guide-to-enjoying-quality-sleep\/\" target=\"_self\" title=\"Hack Your Sleep - A Beginner&#039;s Guide to Enjoying Quality Sleep\">\n          \n            <img decoding=\"async\" loading=\"lazy\" src=\"https:\/\/academiavirtual360.com\/wp-content\/uploads\/2023\/11\/pexels-miriam-alonso-7622504-768x498.jpg\"  src=\"https:\/\/academiavirtual360.com\/wp-content\/uploads\/2023\/11\/pexels-miriam-alonso-7622504-768x498.jpg\" alt=\"pexels-miriam-alonso-7622504\" width=\"768\" height=\"498\">\n        \t\n        \n      <\/a>\n    <\/div>\n  \t\t\n  \n    <div class=\"uc_post_list_content\">\n      <div class=\"uc_post_list_content_inside\">\n        \n                        \n         <div class=\"uc_post_list_title\"><a target=\"_self\" href=\"https:\/\/academiavirtual360.com\/index.php\/2023\/11\/24\/hack-your-sleep-a-beginners-guide-to-enjoying-quality-sleep\/\" title=\"Hack Your Sleep - A Beginner&#039;s Guide to Enjoying Quality Sleep\">Hack Your Sleep - A Beginner's Guide to Enjoying Quality Sleep<\/a><\/div>\t\n         \n        <div class=\"ue-meta-data\">\n            <div class=\"ue-grid-item-meta-data\"><span class=\"ue-grid-item-meta-data-icon\"><i class=''><\/i><\/span>  November 24, 2023<\/div>                                   \n            \n          \n                        \n            \n                        \n                        \n            \n              \n          <\/div>         \n                \n         <div class=\"uc_post_content\">Sleep, an essential aspect of our well-being, often eludes us during challenging times in our lives. Whether it&#8217;s work-related stress, personal crises, anxiety about upcoming events, or financial...<\/div>        \n                 \n      <\/div>\n    <\/div>\n     \n       \n  \n   <\/div>\n<div class=\"uc_post_list_box\">\n    \n  \t    <div class=\"uc_post_list_image\">\n      <a href=\"https:\/\/academiavirtual360.com\/index.php\/2023\/11\/24\/start-these-5-appealing-passive-income-businesses-today\/\" target=\"_self\" title=\"Start These 5 Appealing Passive Income Businesses Today!&quot;\">\n          \n            <img decoding=\"async\" loading=\"lazy\" src=\"https:\/\/academiavirtual360.com\/wp-content\/uploads\/2023\/11\/carlos-muza-hpjSkU2UYSU-unsplash-768x547.jpg\"  src=\"https:\/\/academiavirtual360.com\/wp-content\/uploads\/2023\/11\/carlos-muza-hpjSkU2UYSU-unsplash-768x547.jpg\" alt=\"carlos-muza-hpjSkU2UYSU-unsplash\" width=\"768\" height=\"547\">\n        \t\n        \n      <\/a>\n    <\/div>\n  \t\t\n  \n    <div class=\"uc_post_list_content\">\n      <div class=\"uc_post_list_content_inside\">\n        \n                        \n         <div class=\"uc_post_list_title\"><a target=\"_self\" href=\"https:\/\/academiavirtual360.com\/index.php\/2023\/11\/24\/start-these-5-appealing-passive-income-businesses-today\/\" title=\"Start These 5 Appealing Passive Income Businesses Today!&quot;\">Start These 5 Appealing Passive Income Businesses Today!\"<\/a><\/div>\t\n         \n        <div class=\"ue-meta-data\">\n            <div class=\"ue-grid-item-meta-data\"><span class=\"ue-grid-item-meta-data-icon\"><i class=''><\/i><\/span>  November 24, 2023<\/div>                                   \n            \n          \n                        \n            \n                        \n                        \n            \n              \n          <\/div>         \n                \n         <div class=\"uc_post_content\">Are you tired of the same old routine and dreaming of a life where your money works for you, not the other way around? Welcome to the realm of passive income, where you can break free from the traditional...<\/div>        \n                 \n      <\/div>\n    <\/div>\n     \n       \n  \n   <\/div>\n<div class=\"uc_post_list_box\">\n    \n  \t    <div class=\"uc_post_list_image\">\n      <a href=\"https:\/\/academiavirtual360.com\/index.php\/2023\/11\/23\/51-social-media-marketing-methods\/\" target=\"_self\" title=\"51 Social Media Marketing Methods\">\n          \n            <img decoding=\"async\" loading=\"lazy\" src=\"https:\/\/academiavirtual360.com\/wp-content\/uploads\/2023\/11\/windows-w79mIrYKcK4-unsplash-768x512.jpg\"  src=\"https:\/\/academiavirtual360.com\/wp-content\/uploads\/2023\/11\/windows-w79mIrYKcK4-unsplash-768x512.jpg\" alt=\"windows-w79mIrYKcK4-unsplash\" width=\"768\" height=\"512\">\n        \t\n        \n      <\/a>\n    <\/div>\n  \t\t\n  \n    <div class=\"uc_post_list_content\">\n      <div class=\"uc_post_list_content_inside\">\n        \n                        \n         <div class=\"uc_post_list_title\"><a target=\"_self\" href=\"https:\/\/academiavirtual360.com\/index.php\/2023\/11\/23\/51-social-media-marketing-methods\/\" title=\"51 Social Media Marketing Methods\">51 Social Media Marketing Methods<\/a><\/div>\t\n         \n        <div class=\"ue-meta-data\">\n            <div class=\"ue-grid-item-meta-data\"><span class=\"ue-grid-item-meta-data-icon\"><i class=''><\/i><\/span>  November 23, 2023<\/div>                                   \n            \n          \n                        \n            \n                        \n                        \n            \n              \n          <\/div>         \n                \n         <div class=\"uc_post_content\">In today&#8217;s digital age, harnessing the power of social media is imperative for businesses and individuals alike. Among the myriad platforms available, Instagram stands out as a dynamic space for...<\/div>        \n                 \n      <\/div>\n    <\/div>\n     \n       \n  \n   <\/div>\n\n<\/div>\n\n\n  <div id=\"uc_post_list_elementor_8fd6fd7_empty_message\" class=\"ue-no-posts-found\"  style=\"display:none\" >No posts found<\/div>\n\n\n\t\t\t<!-- end Post List -->\t\t<\/div>\n\t\t\t\t<\/div>\n\t\t\t\t\t<\/div>\n\t\t<\/div>\n\t\t\t\t\t\t\t<\/div>\n\t\t<\/section>\n\t\t\t\t<section class=\"elementor-section elementor-top-section elementor-element elementor-element-fa70ece elementor-section-boxed elementor-section-height-default elementor-section-height-default\" data-id=\"fa70ece\" data-element_type=\"section\">\n\t\t\t\t\t\t<div class=\"elementor-container elementor-column-gap-default\">\n\t\t\t\t\t<div class=\"elementor-column elementor-col-100 elementor-top-column elementor-element elementor-element-67e186a\" data-id=\"67e186a\" data-element_type=\"column\">\n\t\t\t<div class=\"elementor-widget-wrap elementor-element-populated\">\n\t\t\t\t\t\t\t\t<div class=\"elementor-element elementor-element-5a592d2 elementor-widget elementor-widget-ucaddon_archive_pagination\" data-id=\"5a592d2\" data-element_type=\"widget\" data-widget_type=\"ucaddon_archive_pagination.default\">\n\t\t\t\t<div class=\"elementor-widget-container\">\n\t\t\t<!-- start Post Pagination -->\n\n\t\t\t<style type=\"text\/css\">\/* widget: Post Pagination *\/\n\n#uc_archive_pagination_elementor_5a592d2 nav\n{\n  padding:0px;\n  margin:0px;\n}\n\n#uc_archive_pagination_elementor_5a592d2 \n{\n  display:flex;\n  flex-wrap: wrap;\n  justify-content:center;\n}\n\n#uc_archive_pagination_elementor_5a592d2 .nav-links\n{\n  display:flex;\n  justify-content:center;\n}\n\n#uc_archive_pagination_elementor_5a592d2 .nav-links > *\n{\n}\n\n#uc_archive_pagination_elementor_5a592d2 .page-numbers\n{\n  display:flex;\n  \n  align-items:center;\n  justify-content:center;\n  transition:0.3s;\n  line-height:1em;\n}\n\n\n#uc_archive_pagination_elementor_5a592d2 a.page-numbers, #uc_archive_pagination_elementor_5a592d2 .dots\n{\n  color:#000000;\n  background-color:;\n}\n\n#uc_archive_pagination_elementor_5a592d2 a.page-numbers:hover\n{\n  color:#6e6e6e;\n  background-color:#eeeeee;\n}\n\n#uc_archive_pagination_elementor_5a592d2 .page-numbers.current,\n#uc_archive_pagination_elementor_5a592d2 .page-numbers.current:hover\n{\n  background-color:#000000;\n  color:#ffffff;\n}\n\n\n#uc_archive_pagination_elementor_5a592d2 .page-numbers.prev, #uc_archive_pagination_elementor_5a592d2 .page-numbers.next\n{\n  padding-left:15px;\n  padding-right:15px;\n}\n\n\n\n#uc_archive_pagination_elementor_5a592d2 .prev:before {\n   font-family: \"Font Awesome 5 Free\";\n   content: \"\\f053\";\n   display: inline-block;\n   vertical-align: middle;\n   font-weight: 900;\n   padding-right:10px;}\n\n#uc_archive_pagination_elementor_5a592d2 .next:after {\n   font-family: \"Font Awesome 5 Free\";\n   content: \"\\f054\";\n   display: inline-block;\n   vertical-align: middle;\n   font-weight: 900;\n   padding-left:10px;}\n\n#uc_archive_pagination_elementor_5a592d2.uc-ajax-loading{\n\topacity:1 !important;\n}\n\n#uc_archive_pagination_elementor_5a592d2.uc-ajax-loading .current{\n\tposition:relative;\n    overflow:hidden;\n}\n\n\n#uc_archive_pagination_elementor_5a592d2.uc-ajax-loading .current:before{\n  content: \"\";\n  display:block;\n  width:100%;\n  height:100%;\n  box-sizing:border-box;\n  position:absolute;\n  top:0px;\n  left:0px;\n  background-color: #c2c2c2;\n  animation: uc-spinning-border 0.5s linear infinite;\n  opacity:50%;\n  border-radius:inherit;\n}\n\n@keyframes uc-spinning-border {\n\t0%{transform: scale(0);}\n\t100%{transform: scale(1); }\t\n}\n\n\n\n<\/style>\n\n\t\t\t<div id=\"uc_archive_pagination_elementor_5a592d2\" class=\"archive_pagination uc-filter-pagination\">\n<span aria-current=\"page\" class=\"page-numbers current\">1<\/span>\n<a class=\"page-numbers\" href=\"https:\/\/academiavirtual360.com\/index.php\/blog\/2\/\">2<\/a>\n<a class=\"next page-numbers\" href=\"https:\/\/academiavirtual360.com\/index.php\/blog\/2\/\">Next<\/a>\n<\/div>\n\t\t\t<!-- end Post Pagination -->\t\t<\/div>\n\t\t\t\t<\/div>\n\t\t\t\t\t<\/div>\n\t\t<\/div>\n\t\t\t\t\t\t\t<\/div>\n\t\t<\/section>\n\t\t\t\t\t\t\t<\/div>\n\t\t","protected":false},"excerpt":{"rendered":"<p>Ultimos Articulos Domina Photoshop y Crea Portadas Impactantes: El Curso Definitivo September 28, 2023 \u00a1Bienvenidos al curso digital de Photoshop para super portadas! Aqu\u00ed, desbloquear\u00e1s todo el potencial creativo de esta poderosa herramienta para dise\u00f1ar portadas y publicidad que cautivar\u00e1n a tu audiencia&#8230;. No posts found Previous 1 2 3 4 5 Next<\/p>\n","protected":false},"author":1,"featured_media":0,"parent":0,"menu_order":0,"comment_status":"closed","ping_status":"closed","template":"","meta":{"site-sidebar-layout":"no-sidebar","site-content-layout":"page-builder","ast-site-content-layout":"full-width-container","site-content-style":"default","site-sidebar-style":"default","ast-global-header-display":"","ast-banner-title-visibility":"","ast-main-header-display":"","ast-hfb-above-header-display":"","ast-hfb-below-header-display":"","ast-hfb-mobile-header-display":"","site-post-title":"disabled","ast-breadcrumbs-content":"","ast-featured-img":"disabled","footer-sml-layout":"","theme-transparent-header-meta":"enabled","adv-header-id-meta":"","stick-header-meta":"","header-above-stick-meta":"","header-main-stick-meta":"","header-below-stick-meta":"","astra-migrate-meta-layouts":"set","footnotes":""},"_links":{"self":[{"href":"https:\/\/academiavirtual360.com\/index.php\/wp-json\/wp\/v2\/pages\/1844"}],"collection":[{"href":"https:\/\/academiavirtual360.com\/index.php\/wp-json\/wp\/v2\/pages"}],"about":[{"href":"https:\/\/academiavirtual360.com\/index.php\/wp-json\/wp\/v2\/types\/page"}],"author":[{"embeddable":true,"href":"https:\/\/academiavirtual360.com\/index.php\/wp-json\/wp\/v2\/users\/1"}],"replies":[{"embeddable":true,"href":"https:\/\/academiavirtual360.com\/index.php\/wp-json\/wp\/v2\/comments?post=1844"}],"version-history":[{"count":17,"href":"https:\/\/academiavirtual360.com\/index.php\/wp-json\/wp\/v2\/pages\/1844\/revisions"}],"predecessor-version":[{"id":1926,"href":"https:\/\/academiavirtual360.com\/index.php\/wp-json\/wp\/v2\/pages\/1844\/revisions\/1926"}],"wp:attachment":[{"href":"https:\/\/academiavirtual360.com\/index.php\/wp-json\/wp\/v2\/media?parent=1844"}],"curies":[{"name":"wp","href":"https:\/\/api.w.org\/{rel}","templated":true}]}}